{"id":43,"date":"2019-01-15T11:11:22","date_gmt":"2019-01-15T11:11:22","guid":{"rendered":"http:\/\/gross-ehingen.de\/?page_id=43"},"modified":"2019-01-15T20:16:25","modified_gmt":"2019-01-15T20:16:25","slug":"leistungen","status":"publish","type":"page","link":"https:\/\/gross-ehingen.de\/?page_id=43","title":{"rendered":"Leistungen"},"content":{"rendered":"<p>In der Praxis wird tiefenpsychologisch fundierte Psychotherapie f\u00fcr Erwachsene angeboten. Behandelt wird das ganze Spektrum psychischer Erkrankungen wie Depressionen, \u00c4ngste, Burnout, psychosomatische Erkrankungen, Suchterkrankungen, sexuelle St\u00f6rungen.<br \/>Mir ist stets daran gelegen, den ganzen Menschen und nicht nur einzelne Symptome zu betrachten. Ich arbeite auf der Grundlage eines biopsychosozialen Krankheitsverst\u00e4ndnisses.<\/p>\n\n\n<pre class=\"wp-block-preformatted\"><br><\/pre>\n","protected":false},"excerpt":{"rendered":"<p>In der Praxis wird tiefenpsychologisch fundierte Psychotherapie f\u00fcr Erwachsene angeboten. Behandelt wird das ganze Spektrum psychischer Erkrankungen wie Depressionen, \u00c4ngste, Burnout, psychosomatische Erkrankungen, Suchterkrankungen, sexuelle St\u00f6rungen.Mir ist stets daran gelegen, den ganzen Menschen und nicht nur einzelne Symptome zu betrachten. Ich arbeite auf der Grundlage eines biopsychosozialen Krankheitsverst\u00e4ndnisses.<\/p>\n","protected":false},"author":1,"featured_media":0,"parent":0,"menu_order":1,"comment_status":"closed","ping_status":"closed","template":"templates\/portfolio-page.php","meta":{"jetpack_post_was_ever_published":false,"footnotes":""},"class_list":["post-43","page","type-page","status-publish","hentry"],"jetpack_sharing_enabled":true,"jetpack_shortlink":"https:\/\/wp.me\/PaCyW1-H","_links":{"self":[{"href":"https:\/\/gross-ehingen.de\/index.php?rest_route=\/wp\/v2\/pages\/43","targetHints":{"allow":["GET"]}}],"collection":[{"href":"https:\/\/gross-ehingen.de\/index.php?rest_route=\/wp\/v2\/pages"}],"about":[{"href":"https:\/\/gross-ehingen.de\/index.php?rest_route=\/wp\/v2\/types\/page"}],"author":[{"embeddable":true,"href":"https:\/\/gross-ehingen.de\/index.php?rest_route=\/wp\/v2\/users\/1"}],"replies":[{"embeddable":true,"href":"https:\/\/gross-ehingen.de\/index.php?rest_route=%2Fwp%2Fv2%2Fcomments&post=43"}],"version-history":[{"count":4,"href":"https:\/\/gross-ehingen.de\/index.php?rest_route=\/wp\/v2\/pages\/43\/revisions"}],"predecessor-version":[{"id":57,"href":"https:\/\/gross-ehingen.de\/index.php?rest_route=\/wp\/v2\/pages\/43\/revisions\/57"}],"wp:attachment":[{"href":"https:\/\/gross-ehingen.de\/index.php?rest_route=%2Fwp%2Fv2%2Fmedia&parent=43"}],"curies":[{"name":"wp","href":"https:\/\/api.w.org\/{rel}","templated":true}]}}